{"id":2129,"date":"2026-03-17T09:37:26","date_gmt":"2026-03-17T09:37:26","guid":{"rendered":"https:\/\/javifest.org\/tienda\/?post_type=product&#038;p=2129"},"modified":"2026-03-17T09:37:26","modified_gmt":"2026-03-17T09:37:26","slug":"camiseta-javifest-2026","status":"publish","type":"product","link":"https:\/\/javifest.org\/tienda\/producto\/camiseta-javifest-2026\/","title":{"rendered":"Camiseta JaviFest! 2026"},"content":{"rendered":"<p>Camiseta de algod\u00f3n. Dise\u00f1o de S\u00edlvia Jim\u00e9nez para la JaviFest! Punto de recogida en Badalona.<\/p>\n","protected":false},"excerpt":{"rendered":"<p>Camiseta de algod\u00f3n. Dise\u00f1o de S\u00edlvia Jim\u00e9nez para la JaviFest! Punto de recogida en Badalona.<\/p>\n","protected":false},"featured_media":2136,"comment_status":"open","ping_status":"closed","template":"","meta":{"_uag_custom_page_level_css":"","site-sidebar-layout":"default","site-content-layout":"default","ast-global-header-display":"","ast-banner-title-visibility":"","ast-main-header-display":"","ast-hfb-above-header-display":"","ast-hfb-below-header-display":"","ast-hfb-mobile-header-display":"","site-post-title":"","ast-breadcrumbs-content":"","ast-featured-img":"","footer-sml-layout":"","theme-transparent-header-meta":"default","adv-header-id-meta":"","stick-header-meta":"","header-above-stick-meta":"","header-main-stick-meta":"","header-below-stick-meta":""},"product_brand":[],"product_cat":[17,42],"product_tag":[],"class_list":{"0":"post-2129","1":"product","2":"type-product","3":"status-publish","4":"has-post-thumbnail","6":"product_cat-camisetas","7":"product_cat-todo","8":"desktop-align-left","9":"tablet-align-left","10":"mobile-align-left","12":"first","13":"instock","14":"taxable","15":"shipping-taxable","16":"purchasable","17":"product-type-variable"},"uagb_featured_image_src":{"full":["https:\/\/javifest.org\/tienda\/wp-content\/uploads\/2026\/03\/Camiseta-2026_Negra.png",1690,1244,false],"thumbnail":["https:\/\/javifest.org\/tienda\/wp-content\/uploads\/2026\/03\/Camiseta-2026_Negra-150x150.png",150,150,true],"medium":["https:\/\/javifest.org\/tienda\/wp-content\/uploads\/2026\/03\/Camiseta-2026_Negra-300x221.png",300,221,true],"medium_large":["https:\/\/javifest.org\/tienda\/wp-content\/uploads\/2026\/03\/Camiseta-2026_Negra-768x565.png",768,565,true],"large":["https:\/\/javifest.org\/tienda\/wp-content\/uploads\/2026\/03\/Camiseta-2026_Negra-1024x754.png",1024,754,true],"1536x1536":["https:\/\/javifest.org\/tienda\/wp-content\/uploads\/2026\/03\/Camiseta-2026_Negra-1536x1131.png",1536,1131,true],"2048x2048":["https:\/\/javifest.org\/tienda\/wp-content\/uploads\/2026\/03\/Camiseta-2026_Negra.png",1690,1244,false],"woocommerce_thumbnail":["https:\/\/javifest.org\/tienda\/wp-content\/uploads\/2026\/03\/Camiseta-2026_Negra-300x300.png",300,300,true],"woocommerce_single":["https:\/\/javifest.org\/tienda\/wp-content\/uploads\/2026\/03\/Camiseta-2026_Negra-600x442.png",600,442,true],"woocommerce_gallery_thumbnail":["https:\/\/javifest.org\/tienda\/wp-content\/uploads\/2026\/03\/Camiseta-2026_Negra-100x100.png",100,100,true]},"uagb_author_info":{"display_name":"Laura","author_link":"https:\/\/javifest.org\/tienda\/author\/"},"uagb_comment_info":0,"uagb_excerpt":"Camiseta de algod\u00f3n. Dise\u00f1o de S\u00edlvia Jim\u00e9nez para la JaviFest! Punto de recogida en Badalona.","jetpack_sharing_enabled":true,"_links":{"self":[{"href":"https:\/\/javifest.org\/tienda\/wp-json\/wp\/v2\/product\/2129","targetHints":{"allow":["GET"]}}],"collection":[{"href":"https:\/\/javifest.org\/tienda\/wp-json\/wp\/v2\/product"}],"about":[{"href":"https:\/\/javifest.org\/tienda\/wp-json\/wp\/v2\/types\/product"}],"replies":[{"embeddable":true,"href":"https:\/\/javifest.org\/tienda\/wp-json\/wp\/v2\/comments?post=2129"}],"wp:featuredmedia":[{"embeddable":true,"href":"https:\/\/javifest.org\/tienda\/wp-json\/wp\/v2\/media\/2136"}],"wp:attachment":[{"href":"https:\/\/javifest.org\/tienda\/wp-json\/wp\/v2\/media?parent=2129"}],"wp:term":[{"taxonomy":"product_brand","embeddable":true,"href":"https:\/\/javifest.org\/tienda\/wp-json\/wp\/v2\/product_brand?post=2129"},{"taxonomy":"product_cat","embeddable":true,"href":"https:\/\/javifest.org\/tienda\/wp-json\/wp\/v2\/product_cat?post=2129"},{"taxonomy":"product_tag","embeddable":true,"href":"https:\/\/javifest.org\/tienda\/wp-json\/wp\/v2\/product_tag?post=2129"}],"curies":[{"name":"wp","href":"https:\/\/api.w.org\/{rel}","templated":true}]}}