{"id":1987,"date":"2024-05-06T12:01:18","date_gmt":"2024-05-06T12:01:18","guid":{"rendered":"https:\/\/javifest.org\/tienda\/?post_type=product&#038;p=1987"},"modified":"2025-05-14T07:35:34","modified_gmt":"2025-05-14T07:35:34","slug":"camiseta-javifest-nino-a-2024","status":"publish","type":"product","link":"https:\/\/javifest.org\/tienda\/producto\/camiseta-javifest-nino-a-2024\/","title":{"rendered":"Camiseta JaviFest! Ni\u00f1o\/a 2024"},"content":{"rendered":"<div class=\"woocommerce-tabs wc-tabs-wrapper\">\n<div id=\"tab-description\" class=\"woocommerce-Tabs-panel woocommerce-Tabs-panel--description panel entry-content wc-tab\" role=\"tabpanel\" aria-labelledby=\"tab-title-description\">\n<p>Camiseta de algod\u00f3n. Dise\u00f1o de S\u00edlvia Jim\u00e9nez para la JaviFest! Punto de recogida en Badalona.<\/p>\n<\/div>\n<\/div>\n","protected":false},"excerpt":{"rendered":"<p>Camiseta de algod\u00f3n. Dise\u00f1o de S\u00edlvia Jim\u00e9nez para la JaviFest! Punto de recogida en Badalona.<\/p>\n","protected":false},"featured_media":1996,"comment_status":"open","ping_status":"closed","template":"","meta":{"_uag_custom_page_level_css":"","site-sidebar-layout":"default","site-content-layout":"default","ast-global-header-display":"","ast-banner-title-visibility":"","ast-main-header-display":"","ast-hfb-above-header-display":"","ast-hfb-below-header-display":"","ast-hfb-mobile-header-display":"","site-post-title":"","ast-breadcrumbs-content":"","ast-featured-img":"","footer-sml-layout":"","theme-transparent-header-meta":"default","adv-header-id-meta":"","stick-header-meta":"","header-above-stick-meta":"","header-main-stick-meta":"","header-below-stick-meta":""},"product_brand":[],"product_cat":[17,42],"product_tag":[],"class_list":{"0":"post-1987","1":"product","2":"type-product","3":"status-publish","4":"has-post-thumbnail","6":"product_cat-camisetas","7":"product_cat-todo","8":"desktop-align-left","9":"tablet-align-left","10":"mobile-align-left","12":"first","13":"instock","14":"taxable","15":"shipping-taxable","16":"purchasable","17":"product-type-variable"},"uagb_featured_image_src":{"full":["https:\/\/javifest.org\/tienda\/wp-content\/uploads\/2024\/05\/CAMISETA-NINIO-24.jpg",1690,1244,false],"thumbnail":["https:\/\/javifest.org\/tienda\/wp-content\/uploads\/2024\/05\/CAMISETA-NINIO-24-150x150.jpg",150,150,true],"medium":["https:\/\/javifest.org\/tienda\/wp-content\/uploads\/2024\/05\/CAMISETA-NINIO-24-300x221.jpg",300,221,true],"medium_large":["https:\/\/javifest.org\/tienda\/wp-content\/uploads\/2024\/05\/CAMISETA-NINIO-24-768x565.jpg",768,565,true],"large":["https:\/\/javifest.org\/tienda\/wp-content\/uploads\/2024\/05\/CAMISETA-NINIO-24-1024x754.jpg",1024,754,true],"1536x1536":["https:\/\/javifest.org\/tienda\/wp-content\/uploads\/2024\/05\/CAMISETA-NINIO-24-1536x1131.jpg",1536,1131,true],"2048x2048":["https:\/\/javifest.org\/tienda\/wp-content\/uploads\/2024\/05\/CAMISETA-NINIO-24.jpg",1690,1244,false],"woocommerce_thumbnail":["https:\/\/javifest.org\/tienda\/wp-content\/uploads\/2024\/05\/CAMISETA-NINIO-24-300x300.jpg",300,300,true],"woocommerce_single":["https:\/\/javifest.org\/tienda\/wp-content\/uploads\/2024\/05\/CAMISETA-NINIO-24-600x442.jpg",600,442,true],"woocommerce_gallery_thumbnail":["https:\/\/javifest.org\/tienda\/wp-content\/uploads\/2024\/05\/CAMISETA-NINIO-24-100x100.jpg",100,100,true]},"uagb_author_info":{"display_name":"Laura","author_link":"https:\/\/javifest.org\/tienda\/author\/"},"uagb_comment_info":0,"uagb_excerpt":"Camiseta de algod\u00f3n. Dise\u00f1o de S\u00edlvia Jim\u00e9nez para la JaviFest! Punto de recogida en Badalona.","jetpack_sharing_enabled":true,"_links":{"self":[{"href":"https:\/\/javifest.org\/tienda\/wp-json\/wp\/v2\/product\/1987","targetHints":{"allow":["GET"]}}],"collection":[{"href":"https:\/\/javifest.org\/tienda\/wp-json\/wp\/v2\/product"}],"about":[{"href":"https:\/\/javifest.org\/tienda\/wp-json\/wp\/v2\/types\/product"}],"replies":[{"embeddable":true,"href":"https:\/\/javifest.org\/tienda\/wp-json\/wp\/v2\/comments?post=1987"}],"wp:featuredmedia":[{"embeddable":true,"href":"https:\/\/javifest.org\/tienda\/wp-json\/wp\/v2\/media\/1996"}],"wp:attachment":[{"href":"https:\/\/javifest.org\/tienda\/wp-json\/wp\/v2\/media?parent=1987"}],"wp:term":[{"taxonomy":"product_brand","embeddable":true,"href":"https:\/\/javifest.org\/tienda\/wp-json\/wp\/v2\/product_brand?post=1987"},{"taxonomy":"product_cat","embeddable":true,"href":"https:\/\/javifest.org\/tienda\/wp-json\/wp\/v2\/product_cat?post=1987"},{"taxonomy":"product_tag","embeddable":true,"href":"https:\/\/javifest.org\/tienda\/wp-json\/wp\/v2\/product_tag?post=1987"}],"curies":[{"name":"wp","href":"https:\/\/api.w.org\/{rel}","templated":true}]}}