{"id":1912,"date":"2023-06-20T13:35:47","date_gmt":"2023-06-20T13:35:47","guid":{"rendered":"https:\/\/javifest.org\/tienda\/?post_type=product&#038;p=1912"},"modified":"2025-05-13T21:29:18","modified_gmt":"2025-05-13T21:29:18","slug":"camiseta-dont-worry-be-javi-2022","status":"publish","type":"product","link":"https:\/\/javifest.org\/tienda\/producto\/camiseta-dont-worry-be-javi-2022\/","title":{"rendered":"Camiseta \u00abDon&#8217;t worry be Javi!\u00bb"},"content":{"rendered":"<div class=\"woocommerce-tabs wc-tabs-wrapper\">\n<div id=\"tab-description\" class=\"woocommerce-Tabs-panel woocommerce-Tabs-panel--description panel entry-content wc-tab\" role=\"tabpanel\" aria-labelledby=\"tab-title-description\">\n<p>Camiseta de algod\u00f3n. Dise\u00f1o de S\u00edlvia Jim\u00e9nez para la JaviFest! Punto de recogida en Badalona.<\/p>\n<\/div>\n<\/div>\n","protected":false},"excerpt":{"rendered":"<p>Camiseta de algod\u00f3n. Dise\u00f1o de S\u00edlvia Jim\u00e9nez para la JaviFest! Punto de recogida en Badalona.<\/p>\n","protected":false},"featured_media":1916,"comment_status":"open","ping_status":"closed","template":"","meta":{"_uag_custom_page_level_css":"","site-sidebar-layout":"default","site-content-layout":"default","ast-global-header-display":"","ast-banner-title-visibility":"","ast-main-header-display":"","ast-hfb-above-header-display":"","ast-hfb-below-header-display":"","ast-hfb-mobile-header-display":"","site-post-title":"","ast-breadcrumbs-content":"","ast-featured-img":"","footer-sml-layout":"","theme-transparent-header-meta":"default","adv-header-id-meta":"","stick-header-meta":"","header-above-stick-meta":"","header-main-stick-meta":"","header-below-stick-meta":""},"product_brand":[],"product_cat":[17,42],"product_tag":[],"class_list":{"0":"post-1912","1":"product","2":"type-product","3":"status-publish","4":"has-post-thumbnail","6":"product_cat-camisetas","7":"product_cat-todo","8":"desktop-align-left","9":"tablet-align-left","10":"mobile-align-left","12":"first","13":"instock","14":"taxable","15":"shipping-taxable","16":"purchasable","17":"product-type-variable"},"uagb_featured_image_src":{"full":["https:\/\/javifest.org\/tienda\/wp-content\/uploads\/2023\/06\/Camiseta-2-2022.jpg",1278,1616,false],"thumbnail":["https:\/\/javifest.org\/tienda\/wp-content\/uploads\/2023\/06\/Camiseta-2-2022-150x150.jpg",150,150,true],"medium":["https:\/\/javifest.org\/tienda\/wp-content\/uploads\/2023\/06\/Camiseta-2-2022-237x300.jpg",237,300,true],"medium_large":["https:\/\/javifest.org\/tienda\/wp-content\/uploads\/2023\/06\/Camiseta-2-2022-768x971.jpg",768,971,true],"large":["https:\/\/javifest.org\/tienda\/wp-content\/uploads\/2023\/06\/Camiseta-2-2022-810x1024.jpg",810,1024,true],"1536x1536":["https:\/\/javifest.org\/tienda\/wp-content\/uploads\/2023\/06\/Camiseta-2-2022-1215x1536.jpg",1215,1536,true],"2048x2048":["https:\/\/javifest.org\/tienda\/wp-content\/uploads\/2023\/06\/Camiseta-2-2022.jpg",1278,1616,false],"woocommerce_thumbnail":["https:\/\/javifest.org\/tienda\/wp-content\/uploads\/2023\/06\/Camiseta-2-2022-300x300.jpg",300,300,true],"woocommerce_single":["https:\/\/javifest.org\/tienda\/wp-content\/uploads\/2023\/06\/Camiseta-2-2022-600x759.jpg",600,759,true],"woocommerce_gallery_thumbnail":["https:\/\/javifest.org\/tienda\/wp-content\/uploads\/2023\/06\/Camiseta-2-2022-100x100.jpg",100,100,true]},"uagb_author_info":{"display_name":"Laura","author_link":"https:\/\/javifest.org\/tienda\/author\/"},"uagb_comment_info":0,"uagb_excerpt":"Camiseta de algod\u00f3n. Dise\u00f1o de S\u00edlvia Jim\u00e9nez para la JaviFest! Punto de recogida en Badalona.","jetpack_sharing_enabled":true,"_links":{"self":[{"href":"https:\/\/javifest.org\/tienda\/wp-json\/wp\/v2\/product\/1912","targetHints":{"allow":["GET"]}}],"collection":[{"href":"https:\/\/javifest.org\/tienda\/wp-json\/wp\/v2\/product"}],"about":[{"href":"https:\/\/javifest.org\/tienda\/wp-json\/wp\/v2\/types\/product"}],"replies":[{"embeddable":true,"href":"https:\/\/javifest.org\/tienda\/wp-json\/wp\/v2\/comments?post=1912"}],"wp:featuredmedia":[{"embeddable":true,"href":"https:\/\/javifest.org\/tienda\/wp-json\/wp\/v2\/media\/1916"}],"wp:attachment":[{"href":"https:\/\/javifest.org\/tienda\/wp-json\/wp\/v2\/media?parent=1912"}],"wp:term":[{"taxonomy":"product_brand","embeddable":true,"href":"https:\/\/javifest.org\/tienda\/wp-json\/wp\/v2\/product_brand?post=1912"},{"taxonomy":"product_cat","embeddable":true,"href":"https:\/\/javifest.org\/tienda\/wp-json\/wp\/v2\/product_cat?post=1912"},{"taxonomy":"product_tag","embeddable":true,"href":"https:\/\/javifest.org\/tienda\/wp-json\/wp\/v2\/product_tag?post=1912"}],"curies":[{"name":"wp","href":"https:\/\/api.w.org\/{rel}","templated":true}]}}